{"id":63,"date":"2016-09-05T19:43:20","date_gmt":"2016-09-05T22:43:20","guid":{"rendered":"http:\/\/denisescu.blog-dominiotemporario.com.br\/?page_id=63"},"modified":"2016-09-08T19:00:37","modified_gmt":"2016-09-08T22:00:37","slug":"sobre","status":"publish","type":"page","link":"http:\/\/www.sobrefisicaeflores.com.br\/?page_id=63","title":{"rendered":"Sobre"},"content":{"rendered":"<p style=\"text-align: left;\">Ol\u00e1!<\/p>\n<p style=\"text-align: left;\">Sou paulistana, nascida em fevereiro de 1968, \u00a0e moro em S\u00e3o Paulo. Me formei em f\u00edsica pela Universidade de S\u00e3o Paulo e, seguindo a carreira acad\u00eamica, alcancei o t\u00edtulo de doutora. Atuo profissionalmente como pesquisadora na \u00e1rea de f\u00edsica nuclear.<\/p>\n<p style=\"text-align: left;\">Al\u00e9m da f\u00edsica, tenho algumas outras paix\u00f5es que cultivo como\u00a0<em>hobby:\u00a0<\/em>jardinagem, decora\u00e7\u00e3o, culin\u00e1ria, viagens, gastronomia, artesanato, m\u00fasica, internet, inform\u00e1tica, seriados de TV, <em>games<\/em>, leitura e outras nerdices.<\/p>\n<p style=\"text-align: left;\">Este blog \u00e9 um lugar para compartilhar um pouco desse meu mundo com quem tem os mesmos interesses e dividir as dicas daquelas coisas que as pessoas sempre me perguntam como eu fiz.<\/p>\n<p style=\"text-align: left;\">Espero que gostem e que voltem sempre para ver as novidades!!!<\/p>\n<p style=\"text-align: left;\">Beijos,<\/p>\n<p style=\"text-align: left;\">Denise Sim\u00f5es<\/p>\n","protected":false},"excerpt":{"rendered":"<p>Ol\u00e1! Sou paulistana, nascida em fevereiro de 1968, \u00a0e moro em S\u00e3o Paulo. Me formei em f\u00edsica pela Universidade de S\u00e3o Paulo e, seguindo a carreira acad\u00eamica, alcancei o t\u00edtulo de doutora. Atuo profissionalmente como pesquisadora na \u00e1rea de f\u00edsica nuclear. Al\u00e9m da f\u00edsica, tenho algumas outras paix\u00f5es que cultivo como\u00a0hobby:\u00a0jardinagem, decora\u00e7\u00e3o, culin\u00e1ria, viagens, gastronomia, artesanato, m\u00fasica, internet, inform\u00e1tica, seriados de TV, games, leitura e outras nerdices. Este blog \u00e9 um lugar para compartilhar um pouco desse meu mundo com&#8230;<\/p>\n<p class=\"read-more\"><a class=\"btn btn-default\" href=\"http:\/\/www.sobrefisicaeflores.com.br\/?page_id=63\"> Read More<span class=\"screen-reader-text\">  Read More<\/span><\/a><\/p>\n","protected":false},"author":2,"featured_media":121,"parent":0,"menu_order":0,"comment_status":"closed","ping_status":"closed","template":"","meta":[],"_links":{"self":[{"href":"http:\/\/www.sobrefisicaeflores.com.br\/index.php?rest_route=\/wp\/v2\/pages\/63"}],"collection":[{"href":"http:\/\/www.sobrefisicaeflores.com.br\/index.php?rest_route=\/wp\/v2\/pages"}],"about":[{"href":"http:\/\/www.sobrefisicaeflores.com.br\/index.php?rest_route=\/wp\/v2\/types\/page"}],"author":[{"embeddable":true,"href":"http:\/\/www.sobrefisicaeflores.com.br\/index.php?rest_route=\/wp\/v2\/users\/2"}],"replies":[{"embeddable":true,"href":"http:\/\/www.sobrefisicaeflores.com.br\/index.php?rest_route=%2Fwp%2Fv2%2Fcomments&post=63"}],"version-history":[{"count":6,"href":"http:\/\/www.sobrefisicaeflores.com.br\/index.php?rest_route=\/wp\/v2\/pages\/63\/revisions"}],"predecessor-version":[{"id":123,"href":"http:\/\/www.sobrefisicaeflores.com.br\/index.php?rest_route=\/wp\/v2\/pages\/63\/revisions\/123"}],"wp:featuredmedia":[{"embeddable":true,"href":"http:\/\/www.sobrefisicaeflores.com.br\/index.php?rest_route=\/wp\/v2\/media\/121"}],"wp:attachment":[{"href":"http:\/\/www.sobrefisicaeflores.com.br\/index.php?rest_route=%2Fwp%2Fv2%2Fmedia&parent=63"}],"curies":[{"name":"wp","href":"https:\/\/api.w.org\/{rel}","templated":true}]}}